{"id":3,"date":"2022-07-12T11:52:56","date_gmt":"2022-07-12T09:52:56","guid":{"rendered":"https:\/\/www.maxpell.it\/website\/?page_id=3"},"modified":"2023-04-25T21:00:34","modified_gmt":"2023-04-25T19:00:34","slug":"privacy-policy","status":"publish","type":"page","link":"http:\/\/www.maxpell.it\/en\/privacy-policy\/","title":{"rendered":"Privacy Policy"},"content":{"rendered":"[et_pb_section fb_built=&#8221;1&#8243; admin_label=&#8221;Feature&#8221; _builder_version=&#8221;4.19.1&#8243; _module_preset=&#8221;default&#8221; background_color=&#8221;#b7a47b&#8221; background_enable_image=&#8221;off&#8221; custom_padding=&#8221;50px||50px||false|false&#8221; locked=&#8221;off&#8221; global_colors_info=&#8221;{}&#8221;][et_pb_row column_structure=&#8221;1_2,1_2&#8243; use_custom_gutter=&#8221;on&#8221; gutter_width=&#8221;1&#8243; module_id=&#8221;contenuti&#8221; _builder_version=&#8221;4.20.4&#8243; _module_preset=&#8221;default&#8221; max_width=&#8221;1142px&#8221; custom_margin=&#8221;|auto|8px|auto||&#8221; custom_padding=&#8221;0px||9px|||&#8221; hover_enabled=&#8221;0&#8243; global_colors_info=&#8221;{}&#8221; sticky_enabled=&#8221;0&#8243;][et_pb_column type=&#8221;1_2&#8243; _builder_version=&#8221;4.19.1&#8243; _module_preset=&#8221;default&#8221; global_colors_info=&#8221;{}&#8221;][et_pb_text _builder_version=&#8221;4.20.4&#8243; _module_preset=&#8221;default&#8221; header_font=&#8221;||||||||&#8221; header_2_font=&#8221;Cormorant Garamond|500||on|||||&#8221; header_2_text_color=&#8221;#000000&#8243; header_2_font_size=&#8221;40px&#8221; header_2_letter_spacing=&#8221;4px&#8221; header_2_line_height=&#8221;1.1em&#8221; custom_margin=&#8221;||8px||false|false&#8221; custom_margin_tablet=&#8221;||8px||false|false&#8221; custom_margin_phone=&#8221;||8px||false|false&#8221; custom_margin_last_edited=&#8221;on|phone&#8221; custom_padding=&#8221;39px|||||&#8221; custom_padding_tablet=&#8221;0px||||false|false&#8221; custom_padding_phone=&#8221;0px||||false|false&#8221; custom_padding_last_edited=&#8221;on|phone&#8221; hover_enabled=&#8221;0&#8243; header_2_font_size_tablet=&#8221;30px&#8221; header_2_font_size_phone=&#8221;30px&#8221; header_2_font_size_last_edited=&#8221;on|desktop&#8221; locked=&#8221;off&#8221; global_colors_info=&#8221;{}&#8221; sticky_enabled=&#8221;0&#8243;]<h2><span style=\"color: #ffffff;\">PRIVACY POLICY<\/span><\/h2>[\/et_pb_text][\/et_pb_column][et_pb_column type=&#8221;1_2&#8243; _builder_version=&#8221;4.19.1&#8243; _module_preset=&#8221;default&#8221; global_colors_info=&#8221;{}&#8221;][\/et_pb_column][\/et_pb_row][\/et_pb_section][et_pb_section fb_built=&#8221;1&#8243; admin_label=&#8221;section&#8221; _builder_version=&#8221;4.16&#8243; global_colors_info=&#8221;{}&#8221;][et_pb_row admin_label=&#8221;row&#8221; _builder_version=&#8221;4.16&#8243; background_size=&#8221;initial&#8221; background_position=&#8221;top_left&#8221; background_repeat=&#8221;repeat&#8221; global_colors_info=&#8221;{}&#8221; custom_padding=&#8221;0px||0px|||&#8221;][et_pb_column type=&#8221;4_4&#8243; _builder_version=&#8221;4.16&#8243; custom_padding=&#8221;|||&#8221; global_colors_info=&#8221;{}&#8221; custom_padding__hover=&#8221;|||&#8221;][et_pb_text admin_label=&#8221;Text&#8221; _builder_version=&#8221;4.20.4&#8243; background_size=&#8221;initial&#8221; background_position=&#8221;top_left&#8221; background_repeat=&#8221;repeat&#8221; hover_enabled=&#8221;0&#8243; global_colors_info=&#8221;{}&#8221; sticky_enabled=&#8221;0&#8243;]<p><\/p>\n<p>Gentile Utente, in questa pagina troverai le informazioni relative alle modalit\u00e0 di gestione dei tuoi dati personali attraverso il nostro sito.<br \/>Forniamo questa informativa non solo per adempiere agli obblighi di legge in materia di protezione dei dati personali previsti dal Regolamento (UE) 2016\/679 o \u201cRegolamento\u201d, ma anche perch\u00e9 crediamo che la tutela dei dati personali sia un valore fondamentale e vogliamo fornirti ogni informazione che possa aiutarti a tutelare la tua privacy e a controllare l\u2019utilizzo che viene fatto dei tuoi dati in relazione all\u2019esperienza di navigazione sul nostro sito.<\/p>\n<p>&nbsp;<\/p>\n<h4 class=\"wp-block-heading\">TITOLARE DEL TRATTAMENTO DEI DATI<\/h4>\n<p>Titolare del trattamento dei Suoi dati personali \u00e8 Maxpell s.r.l.<br \/>p.iva 00829840966, c.f. 06549350152<br \/>Email: info@maxpell.it<br \/>PEC: maxpellsrl@pec.it<br \/>Telefono: 039 2324560<\/p>\n<p>&nbsp;<\/p>\n<h4>DATI PERSONALI OGGETTO DEL TRATTAMENTO<\/h4>\n<p>Per \u201ctrattamento di dati personali\u201d si intende qualsiasi operazione o insieme di operazioni, compiute con o senza l\u2019ausilio di processi automatizzati e applicate a dati personali o insiemi di dati personali, come la raccolta, la registrazione, l\u2019organizzazione, la strutturazione, la conservazione, l\u2019adattamento o la modifica, l\u2019estrazione, la consultazione, l\u2019uso, la comunicazione mediante trasmissione, diffusione o qualsiasi altra forma di messa a disposizione, il raffronto o l\u2019interconnessione, la limitazione, la cancellazione o la distruzione.<\/p>\n<p>La informiamo che i dati oggetto di trattamento sono costituiti dall\u2019insieme dei dati da lei forniti e registrati all\u2019interno del nostro sistema informatico.<\/p>\n<p>&nbsp;<\/p>\n<h4>FINALITA\u2019 DEL TRATTAMENTO<\/h4>\n<p>Il trattamento che intendiamo effettuare, dietro suo specifico consenso (ove necessario), ha le seguenti finalit\u00e0:<br \/>\u2022 Obblighi di legge: assolvere obblighi di legge, contabili e fiscali cui il titolare \u00e8 soggetto.<br \/>\u2022 L\u2019esecuzione e la gestione di obblighi contrattuali.<br \/>\u2022 L\u2019adempimento di obblighi precontrattuali, contrattuali e fiscali derivanti dai rapporti in essere, nonch\u00e9 gestire le necessarie comunicazioni ad essi connessi.<br \/>\u2022 l\u2019esercizio di un interesse legittimo nonch\u00e9 di un diritto del titolare (es. il diritto di difesa in sede giudiziaria, la tutela delle posizioni creditorie, le ordinarie esigenze interne di tipo operativo, gestionale e contabile).<br \/>E\u2019 possibile richiedere l\u2019informativa dedicata a: info@maxpell.it<\/p>\n<p>&nbsp;<\/p>\n<h4>DESTINATARI DEI DATI PERSONALI<\/h4>\n<p>I suoi dati personali potranno essere trattati con mezzi elettronici ad accesso riservato a soggetti incaricati e autorizzati dal titolare, il quale ha predisposto tutte le misure di sicurezza informatica necessarie per ridurre al minimo il rischio di violazione della privacy da parte di terzi.<\/p>\n<p>I suoi dati personali potranno essere condivisi, per le finalit\u00e0 di trattamento sopra elencate, con:<br \/>\u2022 Soggetti che agiscono tipicamente in qualit\u00e0 di responsabili del trattamento ossia: persone, societ\u00e0 o studi professionali che prestano attivit\u00e0 di assistenza e consulenza al titolare in come anche persone, societ\u00e0 o studi professionali che svolgono attivit\u00e0 di assistenza e consulenza professionale necessaria e\/o a supporto dell\u2019erogazione dei servizi proposti. \u00c8 possibile richiederne in qualsiasi momento una copia aggiornata inviando una richiesta tramite email.<br \/>\u2022 Soggetti che svolgono attivit\u00e0 necessarie ai servizi offerti dal titolare, ovvero soggetti con i quali sia necessario interagire per l\u2019erogazione dei servizi o prodotti.<br \/>\u2022 Persone autorizzate dal titolare al trattamento di dati personali necessarie a svolgere attivit\u00e0 strettamente correlate all\u2019erogazione dei servizi, che si siano impegnate alla riservatezza o abbiano un adeguato obbligo legale di riservatezza, quali i dipendenti del titolare;<br \/>\u2022 Soggetti, enti od autorit\u00e0 a cui sia obbligatorio comunicare i suoi dati personali per disposizioni di legge.<\/p>\n<p>&nbsp;<\/p>\n<h4>TRASFERIMENTO DEI DATI<\/h4>\n<p>I dati conservati presso la Maxpell s.r.l. non saranno trasferiti verso paesi terzi e non saranno diffusi al pubblico. Per conoscere le categorie di destinatari a cui i dati potrebbero essere comunicati si invita a guardare la apposita lista pubblicata in questa privacy policy oppure richiedere la policy aggiornata tramite richiesta email.<\/p>\n<p>&nbsp;<\/p>\n<h4>CONSERVAZIONE DEI DATI<\/h4>\n<p>Tutti i dati personali trattati per le finalit\u00e0 sopra descritte saranno conservati per il tempo necessario a raggiungere finalit\u00e0 indicate e per il tempo richiesto dalla normativa italiana. Il periodo di conservazione dei dati personali varia in base alla finalit\u00e0 di trattamento per cui sono stati raccolti:<br \/>\u2022 Per Migliorare la navigazione nel sito: trattandosi di dati legati ai cookie tecnici, i dettagli sono descritti nella cookie policy.<br \/>\u2022 Per Obblighi di legge: saranno conservati fino al tempo previsto dallo specifico obbligo legale o norma di legge applicabile, e successivamente potranno essere conservati per un periodo maggiore necessario al fine di proteggere gli interessi del titolare da possibili responsabilit\u00e0 relative alle forniture.<br \/>\u2022 Per Rispondere a richieste d\u2019informazione: saranno utilizzati per il tempo strettamente necessario a raggiungere la stessa finalit\u00e0, e saranno successivamente conservati esclusivamente per scopi gestionali e per proteggere gli interessi del titolare dalle possibili responsabilit\u00e0 basate su tali trattamenti.<br \/>\u2022 Per Utilizzare i servizi del sito oppure per Rispondere a richieste di assistenza oppure per Comunicazione a terze parti: saranno utilizzati per il tempo strettamente necessario a raggiungere la stessa finalit\u00e0 e, poich\u00e9 tali dati personali sono trattati per fornire i prodotti\/servizi, saranno successivamente conservati per un periodo maggiore e per quanto possa essere necessario al fine di proteggere gli interessi del titolare da possibili responsabilit\u00e0 relative alle forniture.<\/p>\n<p>\u00c8 fatta salva in ogni caso la possibilit\u00e0 del titolare di conservare i suoi dati personali fino al tempo permesso dalla legge Italiana a tutela dei propri interessi ed in particolare per proteggersi da Condotte fraudolente.<\/p>\n<p>&nbsp;<\/p>\n<h4>DIRITTI DELL\u2019INTERESSATO<\/h4>\n<p>Lei ha il diritto di chiedere al titolare, in qualunque momento, l\u2019accesso ai suoi dati personali (secondo Art. 15 del GDPR), la rettifica (secondo Art. 16 del GDPR), la cancellazione degli stessi (secondo Art. 17 del GDPR), la limitazione del trattamento (secondo Art. 18 del GDPR) o di opporsi al loro trattamento nei casi previsti dall\u2019Articolo 21 del GDPR.<\/p>\n<p><\/p>[\/et_pb_text][\/et_pb_column][\/et_pb_row][\/et_pb_section]","protected":false},"excerpt":{"rendered":"<p>PRIVACY POLICY Gentile Utente, in questa pagina troverai le informazioni relative alle modalit\u00e0 di gestione dei tuoi dati personali attraverso il nostro sito.Forniamo questa informativa non solo per adempiere agli obblighi di legge in materia di protezione dei dati personali previsti dal Regolamento (UE) 2016\/679 o \u201cRegolamento\u201d, ma anche perch\u00e9 crediamo che la tutela dei [&hellip;]<\/p>","protected":false},"author":1,"featured_media":0,"parent":0,"menu_order":0,"comment_status":"closed","ping_status":"open","template":"","meta":{"_et_pb_use_builder":"on","_et_pb_old_content":"<!-- wp:heading --><h2>Chi siamo<\/h2><!-- \/wp:heading --><!-- wp:paragraph --><p><strong class=\"privacy-policy-tutorial\">Testo suggerito: <\/strong>L'indirizzo del nostro sito web \u00e8: https:\/\/www.maxpell.it\/website.<\/p><!-- \/wp:paragraph --><!-- wp:heading --><h2>Commenti<\/h2><!-- \/wp:heading --><!-- wp:paragraph --><p><strong class=\"privacy-policy-tutorial\">Testo suggerito: <\/strong>Quando i visitatori lasciano commenti sul sito, raccogliamo i dati mostrati nel modulo dei commenti oltre all'indirizzo IP del visitatore e la stringa dello user agent del browser per facilitare il rilevamento dello spam.<\/p><!-- \/wp:paragraph --><!-- wp:paragraph --><p>Una stringa anonimizzata creata a partire dal tuo indirizzo email (altrimenti detta hash) pu\u00f2 essere fornita al servizio Gravatar per vedere se lo stai usando. La privacy policy del servizio Gravatar \u00e8 disponibile qui: https:\/\/automattic.com\/privacy\/. Dopo l'approvazione del tuo commento, la tua immagine del profilo \u00e8 visibile al pubblico nel contesto del tuo commento.<\/p><!-- \/wp:paragraph --><!-- wp:heading --><h2>Media<\/h2><!-- \/wp:heading --><!-- wp:paragraph --><p><strong class=\"privacy-policy-tutorial\">Testo suggerito: <\/strong>Se carichi immagini sul sito web, dovresti evitare di caricare immagini che includono i dati di posizione incorporati (EXIF GPS). I visitatori del sito web possono scaricare ed estrarre qualsiasi dato sulla posizione dalle immagini sul sito web.<\/p><!-- \/wp:paragraph --><!-- wp:heading --><h2>Cookie<\/h2><!-- \/wp:heading --><!-- wp:paragraph --><p><strong class=\"privacy-policy-tutorial\">Testo suggerito: <\/strong>Se lasci un commento sul nostro sito, puoi scegliere di salvare il tuo nome, indirizzo email e sito web nei cookie. Sono usati per la tua comodit\u00e0 in modo che tu non debba inserire nuovamente i tuoi dati quando lasci un altro commento. Questi cookie dureranno per un anno.<\/p><!-- \/wp:paragraph --><!-- wp:paragraph --><p>Se visiti la pagina di login, verr\u00e0 impostato un cookie temporaneo per determinare se il tuo browser accetta i cookie. Questo cookie non contiene dati personali e viene eliminato quando chiudi il browser.<\/p><!-- \/wp:paragraph --><!-- wp:paragraph --><p>Quando effettui l'accesso, verranno impostati diversi cookie per salvare le tue informazioni di accesso e le tue opzioni di visualizzazione dello schermo. I cookie di accesso durano due giorni mentre i cookie per le opzioni dello schermo durano un anno. Se selezioni &quot;Ricordami&quot;, il tuo accesso persister\u00e0 per due settimane. Se esci dal tuo account, i cookie di accesso verranno rimossi.<\/p><!-- \/wp:paragraph --><!-- wp:paragraph --><p>Se modifichi o pubblichi un articolo, un cookie aggiuntivo verr\u00e0 salvato nel tuo browser. Questo cookie non include dati personali, ma indica semplicemente l'ID dell'articolo appena modificato. Scade dopo 1 giorno.<\/p><!-- \/wp:paragraph --><!-- wp:heading --><h2>Contenuto incorporato da altri siti web<\/h2><!-- \/wp:heading --><!-- wp:paragraph --><p><strong class=\"privacy-policy-tutorial\">Testo suggerito: <\/strong>Gli articoli su questo sito possono includere contenuti incorporati (ad esempio video, immagini, articoli, ecc.). I contenuti incorporati da altri siti web si comportano esattamente allo stesso modo come se il visitatore avesse visitato l'altro sito web.<\/p><!-- \/wp:paragraph --><!-- wp:paragraph --><p>Questi siti web possono raccogliere dati su di te, usare cookie, integrare ulteriori tracciamenti di terze parti e monitorare l'interazione con essi, incluso il tracciamento della tua interazione con il contenuto incorporato se hai un account e sei connesso a quei siti web.<\/p><!-- \/wp:paragraph --><!-- wp:heading --><h2>Con chi condividiamo i tuoi dati<\/h2><!-- \/wp:heading --><!-- wp:paragraph --><p><strong class=\"privacy-policy-tutorial\">Testo suggerito: <\/strong>Se richiedi una reimpostazione della password, il tuo indirizzo IP verr\u00e0 incluso nell'email di reimpostazione.<\/p><!-- \/wp:paragraph --><!-- wp:heading --><h2>Per quanto tempo conserviamo i tuoi dati<\/h2><!-- \/wp:heading --><!-- wp:paragraph --><p><strong class=\"privacy-policy-tutorial\">Testo suggerito: <\/strong>Se lasci un commento, il commento e i relativi metadati vengono conservati a tempo indeterminato. \u00c8 cos\u00ec che possiamo riconoscere e approvare automaticamente eventuali commenti successivi invece di tenerli in una coda di moderazione.<\/p><!-- \/wp:paragraph --><!-- wp:paragraph --><p>Per gli utenti che si registrano sul nostro sito web (se presenti), memorizziamo anche le informazioni personali che forniscono nel loro profilo utente. Tutti gli utenti possono vedere, modificare o eliminare le loro informazioni personali in qualsiasi momento (eccetto il loro nome utente che non possono cambiare). Gli amministratori del sito web possono anche vedere e modificare queste informazioni.<\/p><!-- \/wp:paragraph --><!-- wp:heading --><h2>Quali diritti hai sui tuoi dati<\/h2><!-- \/wp:heading --><!-- wp:paragraph --><p><strong class=\"privacy-policy-tutorial\">Testo suggerito: <\/strong>Se hai un account su questo sito, o hai lasciato commenti, puoi richiedere di ricevere un file esportato dal sito con i dati personali che abbiamo su di te, compresi i dati che ci hai fornito. Puoi anche richiedere che cancelliamo tutti i dati personali che ti riguardano. Questo non include i dati che siamo obbligati a conservare per scopi amministrativi, legali o di sicurezza.<\/p><!-- \/wp:paragraph --><!-- wp:heading --><h2>Dove i tuoi dati sono inviati<\/h2><!-- \/wp:heading --><!-- wp:paragraph --><p><strong class=\"privacy-policy-tutorial\">Testo suggerito: <\/strong>I commenti dei visitatori possono essere controllati attraverso un servizio di rilevamento automatico dello spam.<\/p><!-- \/wp:paragraph -->","_et_gb_content_width":"","footnotes":""},"class_list":["post-3","page","type-page","status-publish","hentry"],"yoast_head":"<!-- This site is optimized with the Yoast SEO plugin v25.4 - https:\/\/yoast.com\/wordpress\/plugins\/seo\/ -->\n<title>Privacy Policy - Maxpell<\/title>\n<meta name=\"robots\" content=\"index, follow, max-snippet:-1, max-image-preview:large, max-video-preview:-1\" \/>\n<link rel=\"canonical\" href=\"https:\/\/www.maxpell.it\/en\/privacy-policy\/\" \/>\n<meta property=\"og:locale\" content=\"en_GB\" \/>\n<meta property=\"og:type\" content=\"article\" \/>\n<meta property=\"og:title\" content=\"Privacy Policy - Maxpell\" \/>\n<meta property=\"og:description\" content=\"PRIVACY POLICY Gentile Utente, in questa pagina troverai le informazioni relative alle modalit\u00e0 di gestione dei tuoi dati personali attraverso il nostro sito.Forniamo questa informativa non solo per adempiere agli obblighi di legge in materia di protezione dei dati personali previsti dal Regolamento (UE) 2016\/679 o \u201cRegolamento\u201d, ma anche perch\u00e9 crediamo che la tutela dei [&hellip;]\" \/>\n<meta property=\"og:url\" content=\"https:\/\/www.maxpell.it\/en\/privacy-policy\/\" \/>\n<meta property=\"og:site_name\" content=\"Maxpell\" \/>\n<meta property=\"article:modified_time\" content=\"2023-04-25T19:00:34+00:00\" \/>\n<meta name=\"twitter:card\" content=\"summary_large_image\" \/>\n<meta name=\"twitter:label1\" content=\"Estimated reading time\" \/>\n\t<meta name=\"twitter:data1\" content=\"6 minutes\" \/>\n<script type=\"application\/ld+json\" class=\"yoast-schema-graph\">{\"@context\":\"https:\/\/schema.org\",\"@graph\":[{\"@type\":\"WebPage\",\"@id\":\"https:\/\/www.maxpell.it\/privacy-policy\/\",\"url\":\"https:\/\/www.maxpell.it\/privacy-policy\/\",\"name\":\"Privacy Policy - Maxpell\",\"isPartOf\":{\"@id\":\"https:\/\/www.maxpell.it\/en\/#website\"},\"datePublished\":\"2022-07-12T09:52:56+00:00\",\"dateModified\":\"2023-04-25T19:00:34+00:00\",\"breadcrumb\":{\"@id\":\"https:\/\/www.maxpell.it\/privacy-policy\/#breadcrumb\"},\"inLanguage\":\"en-GB\",\"potentialAction\":[{\"@type\":\"ReadAction\",\"target\":[\"https:\/\/www.maxpell.it\/privacy-policy\/\"]}]},{\"@type\":\"BreadcrumbList\",\"@id\":\"https:\/\/www.maxpell.it\/privacy-policy\/#breadcrumb\",\"itemListElement\":[{\"@type\":\"ListItem\",\"position\":1,\"name\":\"Home\",\"item\":\"https:\/\/www.maxpell.it\/\"},{\"@type\":\"ListItem\",\"position\":2,\"name\":\"Privacy Policy\"}]},{\"@type\":\"WebSite\",\"@id\":\"https:\/\/www.maxpell.it\/en\/#website\",\"url\":\"https:\/\/www.maxpell.it\/en\/\",\"name\":\"Maxpell Leather\",\"description\":\"Da oltre quarant&#039;anni siamo Creatori di pelle\",\"publisher\":{\"@id\":\"https:\/\/www.maxpell.it\/en\/#organization\"},\"potentialAction\":[{\"@type\":\"SearchAction\",\"target\":{\"@type\":\"EntryPoint\",\"urlTemplate\":\"https:\/\/www.maxpell.it\/en\/?s={search_term_string}\"},\"query-input\":{\"@type\":\"PropertyValueSpecification\",\"valueRequired\":true,\"valueName\":\"search_term_string\"}}],\"inLanguage\":\"en-GB\"},{\"@type\":\"Organization\",\"@id\":\"https:\/\/www.maxpell.it\/en\/#organization\",\"name\":\"Maxpell Leather\",\"url\":\"https:\/\/www.maxpell.it\/en\/\",\"logo\":{\"@type\":\"ImageObject\",\"inLanguage\":\"en-GB\",\"@id\":\"https:\/\/www.maxpell.it\/en\/#\/schema\/logo\/image\/\",\"url\":\"https:\/\/www.maxpell.it\/website\/wp-content\/uploads\/2022\/08\/maxpell_logo.png\",\"contentUrl\":\"https:\/\/www.maxpell.it\/website\/wp-content\/uploads\/2022\/08\/maxpell_logo.png\",\"width\":485,\"height\":148,\"caption\":\"Maxpell Leather\"},\"image\":{\"@id\":\"https:\/\/www.maxpell.it\/en\/#\/schema\/logo\/image\/\"},\"sameAs\":[\"https:\/\/www.linkedin.com\/company\/maxpell-srl\/\",\"https:\/\/www.instagram.com\/maxpell.leather\/\"]}]}<\/script>\n<!-- \/ Yoast SEO plugin. -->","yoast_head_json":{"title":"Privacy Policy - Maxpell","robots":{"index":"index","follow":"follow","max-snippet":"max-snippet:-1","max-image-preview":"max-image-preview:large","max-video-preview":"max-video-preview:-1"},"canonical":"https:\/\/www.maxpell.it\/en\/privacy-policy\/","og_locale":"en_GB","og_type":"article","og_title":"Privacy Policy - Maxpell","og_description":"PRIVACY POLICY Gentile Utente, in questa pagina troverai le informazioni relative alle modalit\u00e0 di gestione dei tuoi dati personali attraverso il nostro sito.Forniamo questa informativa non solo per adempiere agli obblighi di legge in materia di protezione dei dati personali previsti dal Regolamento (UE) 2016\/679 o \u201cRegolamento\u201d, ma anche perch\u00e9 crediamo che la tutela dei [&hellip;]","og_url":"https:\/\/www.maxpell.it\/en\/privacy-policy\/","og_site_name":"Maxpell","article_modified_time":"2023-04-25T19:00:34+00:00","twitter_card":"summary_large_image","twitter_misc":{"Estimated reading time":"6 minutes"},"schema":{"@context":"https:\/\/schema.org","@graph":[{"@type":"WebPage","@id":"https:\/\/www.maxpell.it\/privacy-policy\/","url":"https:\/\/www.maxpell.it\/privacy-policy\/","name":"Privacy Policy - Maxpell","isPartOf":{"@id":"https:\/\/www.maxpell.it\/en\/#website"},"datePublished":"2022-07-12T09:52:56+00:00","dateModified":"2023-04-25T19:00:34+00:00","breadcrumb":{"@id":"https:\/\/www.maxpell.it\/privacy-policy\/#breadcrumb"},"inLanguage":"en-GB","potentialAction":[{"@type":"ReadAction","target":["https:\/\/www.maxpell.it\/privacy-policy\/"]}]},{"@type":"BreadcrumbList","@id":"https:\/\/www.maxpell.it\/privacy-policy\/#breadcrumb","itemListElement":[{"@type":"ListItem","position":1,"name":"Home","item":"https:\/\/www.maxpell.it\/"},{"@type":"ListItem","position":2,"name":"Privacy Policy"}]},{"@type":"WebSite","@id":"https:\/\/www.maxpell.it\/en\/#website","url":"https:\/\/www.maxpell.it\/en\/","name":"Maxpell Leather","description":"Da oltre quarant&#039;anni siamo Creatori di pelle","publisher":{"@id":"https:\/\/www.maxpell.it\/en\/#organization"},"potentialAction":[{"@type":"SearchAction","target":{"@type":"EntryPoint","urlTemplate":"https:\/\/www.maxpell.it\/en\/?s={search_term_string}"},"query-input":{"@type":"PropertyValueSpecification","valueRequired":true,"valueName":"search_term_string"}}],"inLanguage":"en-GB"},{"@type":"Organization","@id":"https:\/\/www.maxpell.it\/en\/#organization","name":"Maxpell Leather","url":"https:\/\/www.maxpell.it\/en\/","logo":{"@type":"ImageObject","inLanguage":"en-GB","@id":"https:\/\/www.maxpell.it\/en\/#\/schema\/logo\/image\/","url":"https:\/\/www.maxpell.it\/website\/wp-content\/uploads\/2022\/08\/maxpell_logo.png","contentUrl":"https:\/\/www.maxpell.it\/website\/wp-content\/uploads\/2022\/08\/maxpell_logo.png","width":485,"height":148,"caption":"Maxpell Leather"},"image":{"@id":"https:\/\/www.maxpell.it\/en\/#\/schema\/logo\/image\/"},"sameAs":["https:\/\/www.linkedin.com\/company\/maxpell-srl\/","https:\/\/www.instagram.com\/maxpell.leather\/"]}]}},"_links":{"self":[{"href":"http:\/\/www.maxpell.it\/en\/wp-json\/wp\/v2\/pages\/3","targetHints":{"allow":["GET"]}}],"collection":[{"href":"http:\/\/www.maxpell.it\/en\/wp-json\/wp\/v2\/pages"}],"about":[{"href":"http:\/\/www.maxpell.it\/en\/wp-json\/wp\/v2\/types\/page"}],"author":[{"embeddable":true,"href":"http:\/\/www.maxpell.it\/en\/wp-json\/wp\/v2\/users\/1"}],"replies":[{"embeddable":true,"href":"http:\/\/www.maxpell.it\/en\/wp-json\/wp\/v2\/comments?post=3"}],"version-history":[{"count":2,"href":"http:\/\/www.maxpell.it\/en\/wp-json\/wp\/v2\/pages\/3\/revisions"}],"predecessor-version":[{"id":21636,"href":"http:\/\/www.maxpell.it\/en\/wp-json\/wp\/v2\/pages\/3\/revisions\/21636"}],"wp:attachment":[{"href":"http:\/\/www.maxpell.it\/en\/wp-json\/wp\/v2\/media?parent=3"}],"curies":[{"name":"wp","href":"https:\/\/api.w.org\/{rel}","templated":true}]}}