{"id":2,"date":"2022-07-12T11:52:56","date_gmt":"2022-07-12T09:52:56","guid":{"rendered":"https:\/\/www.maxpell.it\/website\/?page_id=2"},"modified":"2022-07-12T12:01:45","modified_gmt":"2022-07-12T10:01:45","slug":"pagina-di-esempio","status":"publish","type":"page","link":"https:\/\/www.maxpell.it\/en\/pagina-di-esempio\/","title":{"rendered":"Coming Soon"},"content":{"rendered":"<p>[et_pb_section fb_built=&#8221;1&#8243; _builder_version=&#8221;4.16&#8243; global_colors_info=&#8221;{}&#8221;][et_pb_row _builder_version=&#8221;4.16&#8243; background_size=&#8221;initial&#8221; background_position=&#8221;top_left&#8221; background_repeat=&#8221;repeat&#8221; global_colors_info=&#8221;{}&#8221;][et_pb_column type=&#8221;4_4&#8243; _builder_version=&#8221;4.16&#8243; custom_padding=&#8221;|||&#8221; global_colors_info=&#8221;{}&#8221; custom_padding__hover=&#8221;|||&#8221;][et_pb_text _builder_version=&#8221;4.17.4&#8243; background_size=&#8221;initial&#8221; background_position=&#8221;top_left&#8221; background_repeat=&#8221;repeat&#8221; hover_enabled=&#8221;0&#8243; global_colors_info=&#8221;{}&#8221; sticky_enabled=&#8221;0&#8243;]<\/p>\n<h1 style=\"text-align: center;\">Coming Soon<\/h1>\n<p><!-- \/divi:paragraph --><\/p>\n<p>[\/et_pb_text][\/et_pb_column][\/et_pb_row][\/et_pb_section]<\/p>","protected":false},"excerpt":{"rendered":"<p>Coming Soon<\/p>","protected":false},"author":1,"featured_media":0,"parent":0,"menu_order":0,"comment_status":"closed","ping_status":"open","template":"page-template-blank.php","meta":{"_et_pb_use_builder":"on","_et_pb_old_content":"<!-- wp:paragraph -->\n<p>Questa \u00e8 una pagina di esempio. Differisce da un articolo di un blog perch\u00e9 rimane sempre allo stesso posto e (in molti temi) appare nel menu di navigazione. Molte persone iniziano con una pagina di Informazioni che li presentano ai visitatori del sito. Potrebbe apparire una presentazione del tipo:<\/p>\n<!-- \/wp:paragraph -->\n\n<!-- wp:quote -->\n<blockquote class=\"wp-block-quote\"><p>Ciao! Sono un fattorino ciclista di giorno, aspirante attore di notte e questo \u00e8 il mio sito web. Vivo a Los Angeles, ho un grande cane di nome Jack e mi piace la pi\u00f1a colada. (E prendere la pioggia)<\/p><\/blockquote>\n<!-- \/wp:quote -->\n\n<!-- wp:paragraph -->\n<p>...o qualcosa di simile:<\/p>\n<!-- \/wp:paragraph -->\n\n<!-- wp:quote -->\n<blockquote class=\"wp-block-quote\"><p>La Societ\u00e0 XYZ Aggeggi \u00e8 stata fondata nel 1971 e da allora fornisce al pubblico aggeggi di ottima qualit\u00e0. Situata a Fantasilandia, XYZ impiega oltre 2.000 persone e realizza ogni sorta di aggeggio fantastico per la comunit\u00e0 di Fantasilandia.<\/p><\/blockquote>\n<!-- \/wp:quote -->\n\n<!-- wp:paragraph -->\n<p>Come nuovo utente di WordPress, dovresti andare nella tua <a href=\"https:\/\/www.maxpell.it\/website\/wp-admin\/\">Bacheca<\/a> per eliminare questa pagina, e crearne delle nuove per i tuoi contenuti. Divertiti!<\/p>\n<!-- \/wp:paragraph -->","_et_gb_content_width":"","footnotes":""},"class_list":["post-2","page","type-page","status-publish","hentry"],"yoast_head":"<!-- This site is optimized with the Yoast SEO plugin v25.4 - https:\/\/yoast.com\/wordpress\/plugins\/seo\/ -->\n<title>Coming Soon - Maxpell<\/title>\n<meta name=\"robots\" content=\"index, follow, max-snippet:-1, max-image-preview:large, max-video-preview:-1\" \/>\n<link rel=\"canonical\" href=\"https:\/\/www.maxpell.it\/en\/pagina-di-esempio\/\" \/>\n<meta property=\"og:locale\" content=\"en_GB\" \/>\n<meta property=\"og:type\" content=\"article\" \/>\n<meta property=\"og:title\" content=\"Coming Soon - Maxpell\" \/>\n<meta property=\"og:description\" content=\"Coming Soon\" \/>\n<meta property=\"og:url\" content=\"https:\/\/www.maxpell.it\/en\/pagina-di-esempio\/\" \/>\n<meta property=\"og:site_name\" content=\"Maxpell\" \/>\n<meta property=\"article:modified_time\" content=\"2022-07-12T10:01:45+00:00\" \/>\n<meta name=\"twitter:card\" content=\"summary_large_image\" \/>\n<script type=\"application\/ld+json\" class=\"yoast-schema-graph\">{\"@context\":\"https:\/\/schema.org\",\"@graph\":[{\"@type\":\"WebPage\",\"@id\":\"https:\/\/www.maxpell.it\/pagina-di-esempio\/\",\"url\":\"https:\/\/www.maxpell.it\/pagina-di-esempio\/\",\"name\":\"Coming Soon - Maxpell\",\"isPartOf\":{\"@id\":\"https:\/\/www.maxpell.it\/en\/#website\"},\"datePublished\":\"2022-07-12T09:52:56+00:00\",\"dateModified\":\"2022-07-12T10:01:45+00:00\",\"breadcrumb\":{\"@id\":\"https:\/\/www.maxpell.it\/pagina-di-esempio\/#breadcrumb\"},\"inLanguage\":\"en-GB\",\"potentialAction\":[{\"@type\":\"ReadAction\",\"target\":[\"https:\/\/www.maxpell.it\/pagina-di-esempio\/\"]}]},{\"@type\":\"BreadcrumbList\",\"@id\":\"https:\/\/www.maxpell.it\/pagina-di-esempio\/#breadcrumb\",\"itemListElement\":[{\"@type\":\"ListItem\",\"position\":1,\"name\":\"Home\",\"item\":\"https:\/\/www.maxpell.it\/\"},{\"@type\":\"ListItem\",\"position\":2,\"name\":\"Coming Soon\"}]},{\"@type\":\"WebSite\",\"@id\":\"https:\/\/www.maxpell.it\/en\/#website\",\"url\":\"https:\/\/www.maxpell.it\/en\/\",\"name\":\"Maxpell Leather\",\"description\":\"Da oltre quarant&#039;anni siamo Creatori di pelle\",\"publisher\":{\"@id\":\"https:\/\/www.maxpell.it\/en\/#organization\"},\"potentialAction\":[{\"@type\":\"SearchAction\",\"target\":{\"@type\":\"EntryPoint\",\"urlTemplate\":\"https:\/\/www.maxpell.it\/en\/?s={search_term_string}\"},\"query-input\":{\"@type\":\"PropertyValueSpecification\",\"valueRequired\":true,\"valueName\":\"search_term_string\"}}],\"inLanguage\":\"en-GB\"},{\"@type\":\"Organization\",\"@id\":\"https:\/\/www.maxpell.it\/en\/#organization\",\"name\":\"Maxpell Leather\",\"url\":\"https:\/\/www.maxpell.it\/en\/\",\"logo\":{\"@type\":\"ImageObject\",\"inLanguage\":\"en-GB\",\"@id\":\"https:\/\/www.maxpell.it\/en\/#\/schema\/logo\/image\/\",\"url\":\"https:\/\/www.maxpell.it\/website\/wp-content\/uploads\/2022\/08\/maxpell_logo.png\",\"contentUrl\":\"https:\/\/www.maxpell.it\/website\/wp-content\/uploads\/2022\/08\/maxpell_logo.png\",\"width\":485,\"height\":148,\"caption\":\"Maxpell Leather\"},\"image\":{\"@id\":\"https:\/\/www.maxpell.it\/en\/#\/schema\/logo\/image\/\"},\"sameAs\":[\"https:\/\/www.linkedin.com\/company\/maxpell-srl\/\",\"https:\/\/www.instagram.com\/maxpell.leather\/\"]}]}<\/script>\n<!-- \/ Yoast SEO plugin. -->","yoast_head_json":{"title":"Coming Soon - Maxpell","robots":{"index":"index","follow":"follow","max-snippet":"max-snippet:-1","max-image-preview":"max-image-preview:large","max-video-preview":"max-video-preview:-1"},"canonical":"https:\/\/www.maxpell.it\/en\/pagina-di-esempio\/","og_locale":"en_GB","og_type":"article","og_title":"Coming Soon - Maxpell","og_description":"Coming Soon","og_url":"https:\/\/www.maxpell.it\/en\/pagina-di-esempio\/","og_site_name":"Maxpell","article_modified_time":"2022-07-12T10:01:45+00:00","twitter_card":"summary_large_image","schema":{"@context":"https:\/\/schema.org","@graph":[{"@type":"WebPage","@id":"https:\/\/www.maxpell.it\/pagina-di-esempio\/","url":"https:\/\/www.maxpell.it\/pagina-di-esempio\/","name":"Coming Soon - Maxpell","isPartOf":{"@id":"https:\/\/www.maxpell.it\/en\/#website"},"datePublished":"2022-07-12T09:52:56+00:00","dateModified":"2022-07-12T10:01:45+00:00","breadcrumb":{"@id":"https:\/\/www.maxpell.it\/pagina-di-esempio\/#breadcrumb"},"inLanguage":"en-GB","potentialAction":[{"@type":"ReadAction","target":["https:\/\/www.maxpell.it\/pagina-di-esempio\/"]}]},{"@type":"BreadcrumbList","@id":"https:\/\/www.maxpell.it\/pagina-di-esempio\/#breadcrumb","itemListElement":[{"@type":"ListItem","position":1,"name":"Home","item":"https:\/\/www.maxpell.it\/"},{"@type":"ListItem","position":2,"name":"Coming Soon"}]},{"@type":"WebSite","@id":"https:\/\/www.maxpell.it\/en\/#website","url":"https:\/\/www.maxpell.it\/en\/","name":"Maxpell Leather","description":"Da oltre quarant&#039;anni siamo Creatori di pelle","publisher":{"@id":"https:\/\/www.maxpell.it\/en\/#organization"},"potentialAction":[{"@type":"SearchAction","target":{"@type":"EntryPoint","urlTemplate":"https:\/\/www.maxpell.it\/en\/?s={search_term_string}"},"query-input":{"@type":"PropertyValueSpecification","valueRequired":true,"valueName":"search_term_string"}}],"inLanguage":"en-GB"},{"@type":"Organization","@id":"https:\/\/www.maxpell.it\/en\/#organization","name":"Maxpell Leather","url":"https:\/\/www.maxpell.it\/en\/","logo":{"@type":"ImageObject","inLanguage":"en-GB","@id":"https:\/\/www.maxpell.it\/en\/#\/schema\/logo\/image\/","url":"https:\/\/www.maxpell.it\/website\/wp-content\/uploads\/2022\/08\/maxpell_logo.png","contentUrl":"https:\/\/www.maxpell.it\/website\/wp-content\/uploads\/2022\/08\/maxpell_logo.png","width":485,"height":148,"caption":"Maxpell Leather"},"image":{"@id":"https:\/\/www.maxpell.it\/en\/#\/schema\/logo\/image\/"},"sameAs":["https:\/\/www.linkedin.com\/company\/maxpell-srl\/","https:\/\/www.instagram.com\/maxpell.leather\/"]}]}},"_links":{"self":[{"href":"https:\/\/www.maxpell.it\/en\/wp-json\/wp\/v2\/pages\/2","targetHints":{"allow":["GET"]}}],"collection":[{"href":"https:\/\/www.maxpell.it\/en\/wp-json\/wp\/v2\/pages"}],"about":[{"href":"https:\/\/www.maxpell.it\/en\/wp-json\/wp\/v2\/types\/page"}],"author":[{"embeddable":true,"href":"https:\/\/www.maxpell.it\/en\/wp-json\/wp\/v2\/users\/1"}],"replies":[{"embeddable":true,"href":"https:\/\/www.maxpell.it\/en\/wp-json\/wp\/v2\/comments?post=2"}],"version-history":[{"count":3,"href":"https:\/\/www.maxpell.it\/en\/wp-json\/wp\/v2\/pages\/2\/revisions"}],"predecessor-version":[{"id":12,"href":"https:\/\/www.maxpell.it\/en\/wp-json\/wp\/v2\/pages\/2\/revisions\/12"}],"wp:attachment":[{"href":"https:\/\/www.maxpell.it\/en\/wp-json\/wp\/v2\/media?parent=2"}],"curies":[{"name":"wp","href":"https:\/\/api.w.org\/{rel}","templated":true}]}}