{"id":22738,"date":"2024-04-11T10:22:03","date_gmt":"2024-04-11T08:22:03","guid":{"rendered":"https:\/\/www.maxpell.it\/?page_id=22738"},"modified":"2024-05-02T11:39:37","modified_gmt":"2024-05-02T09:39:37","slug":"glossario-pelle","status":"publish","type":"page","link":"https:\/\/www.maxpell.it\/en\/glossario-pelle\/","title":{"rendered":"Glossario Pelle"},"content":{"rendered":"<p>[et_pb_section fb_built=&#8221;1&#8243; admin_label=&#8221;Feature&#8221; _builder_version=&#8221;4.19.1&#8243; _module_preset=&#8221;default&#8221; background_color=&#8221;#b7a47b&#8221; background_enable_image=&#8221;off&#8221; custom_padding=&#8221;50px||50px||false|false&#8221; locked=&#8221;off&#8221; global_colors_info=&#8221;{}&#8221;][et_pb_row column_structure=&#8221;1_2,1_2&#8243; use_custom_gutter=&#8221;on&#8221; gutter_width=&#8221;1&#8243; module_id=&#8221;contenuti&#8221; _builder_version=&#8221;4.19.1&#8243; _module_preset=&#8221;default&#8221; max_width=&#8221;1142px&#8221; custom_margin=&#8221;|auto|8px|auto||&#8221; custom_padding=&#8221;0px||9px|||&#8221; global_colors_info=&#8221;{}&#8221;][et_pb_column type=&#8221;1_2&#8243; _builder_version=&#8221;4.19.1&#8243; _module_preset=&#8221;default&#8221; global_colors_info=&#8221;{}&#8221;][et_pb_text _builder_version=&#8221;4.20.4&#8243; _module_preset=&#8221;default&#8221; header_font=&#8221;||||||||&#8221; header_2_font=&#8221;Cormorant Garamond|500||on|||||&#8221; header_2_text_color=&#8221;#000000&#8243; header_2_font_size=&#8221;40px&#8221; header_2_letter_spacing=&#8221;4px&#8221; header_2_line_height=&#8221;1.1em&#8221; custom_margin=&#8221;||8px||false|false&#8221; custom_margin_tablet=&#8221;||8px||false|false&#8221; custom_margin_phone=&#8221;||8px||false|false&#8221; custom_margin_last_edited=&#8221;on|phone&#8221; custom_padding=&#8221;39px|||||&#8221; custom_padding_tablet=&#8221;0px||||false|false&#8221; custom_padding_phone=&#8221;0px||||false|false&#8221; custom_padding_last_edited=&#8221;on|phone&#8221; header_2_font_size_tablet=&#8221;30px&#8221; header_2_font_size_phone=&#8221;30px&#8221; header_2_font_size_last_edited=&#8221;on|desktop&#8221; locked=&#8221;off&#8221; global_colors_info=&#8221;{}&#8221;]<\/p>\n<h2><span style=\"color: #ffffff;\">Leather glossary<\/span><\/h2>\n<p>[\/et_pb_text][\/et_pb_column][et_pb_column type=&#8221;1_2&#8243; _builder_version=&#8221;4.19.1&#8243; _module_preset=&#8221;default&#8221; global_colors_info=&#8221;{}&#8221;][\/et_pb_column][\/et_pb_row][\/et_pb_section][et_pb_section fb_built=&#8221;1&#8243; admin_label=&#8221;Feature&#8221; _builder_version=&#8221;4.20.4&#8243; _module_preset=&#8221;default&#8221; background_color=&#8221;#fcfcfc&#8221; custom_padding=&#8221;70px||70px|||&#8221; background_color_tablet=&#8221;#efefef&#8221; background_last_edited=&#8221;on|tablet&#8221; background_enable_color_tablet=&#8221;on&#8221; locked=&#8221;off&#8221; global_colors_info=&#8221;{}&#8221;][et_pb_row _builder_version=&#8221;4.24.3&#8243; _module_preset=&#8221;default&#8221; global_colors_info=&#8221;{}&#8221;][et_pb_column type=&#8221;4_4&#8243; _builder_version=&#8221;4.24.3&#8243; _module_preset=&#8221;default&#8221; global_colors_info=&#8221;{}&#8221;][et_pb_text module_id=&#8221;testo&#8221; _builder_version=&#8221;4.24.3&#8243; _module_preset=&#8221;default&#8221; text_font=&#8221;Raleway||||||||&#8221; text_font_size=&#8221;15px&#8221; text_line_height=&#8221;1.8em&#8221; custom_margin=&#8221;||||false|false&#8221; custom_margin_phone=&#8221;|||0px|false|false&#8221; custom_margin_last_edited=&#8221;off|desktop&#8221; locked=&#8221;off&#8221; global_colors_info=&#8221;{}&#8221;]<\/p>\n<p class=\"p1\"><span>La <strong>pelle<\/strong> \u00e8 una <strong>materiale naturale conosciuto<\/strong> da tutti. Ci sono per\u00f2 alcuni <strong>termini meno comuni<\/strong> utili da conoscere per apprezzare ancora di pi\u00f9 questo <strong>fantastico materiale,<\/strong>\u00a0prodotto secondario dell\u2019industria alimentare.<\/span><\/p>\n<p>[\/et_pb_text][\/et_pb_column][\/et_pb_row][et_pb_row custom_padding_last_edited=&#8221;on|tablet&#8221; module_id=&#8221;contenuti&#8221; _builder_version=&#8221;4.20.4&#8243; _module_preset=&#8221;default&#8221; background_color=&#8221;#efefef&#8221; width_tablet=&#8221;80%&#8221; width_phone=&#8221;80%&#8221; width_last_edited=&#8221;on|tablet&#8221; custom_margin=&#8221;|auto|40px|auto|false|false&#8221; custom_padding=&#8221;55px||55px||false|false&#8221; custom_padding_tablet=&#8221;0px||0px||false|false&#8221; custom_padding_phone=&#8221;0px||0px||false|false&#8221; global_colors_info=&#8221;{}&#8221;][et_pb_column type=&#8221;4_4&#8243; _builder_version=&#8221;4.20.4&#8243; _module_preset=&#8221;default&#8221; global_colors_info=&#8221;{}&#8221;][et_pb_accordion open_toggle_background_color=&#8221;#f7f7f7&#8243; closed_toggle_background_color=&#8221;#f7f7f7&#8243; icon_color=&#8221;#bea980&#8243; use_icon_font_size=&#8221;on&#8221; icon_font_size=&#8221;21px&#8221; _builder_version=&#8221;4.24.3&#8243; _module_preset=&#8221;default&#8221; toggle_text_color=&#8221;#bea980&#8243; toggle_font=&#8221;Raleway|600|||||||&#8221; toggle_text_align=&#8221;left&#8221; toggle_font_size=&#8221;16px&#8221; toggle_letter_spacing=&#8221;1px&#8221; toggle_line_height=&#8221;2em&#8221; custom_margin=&#8221;|55px||55px|false|false&#8221; custom_margin_tablet=&#8221;|0px||0px|false|false&#8221; custom_margin_phone=&#8221;|0px||0px|false|false&#8221; custom_margin_last_edited=&#8221;on|phone&#8221; custom_padding=&#8221;||||false|false&#8221; hover_enabled=&#8221;0&#8243; border_radii=&#8221;off|10px|10px|10px|10px&#8221; border_width_all=&#8221;0px&#8221; global_colors_info=&#8221;{}&#8221; sticky_enabled=&#8221;0&#8243;][et_pb_accordion_item title=&#8221;1. Pelle Anilinata&#8221; _builder_version=&#8221;4.24.2&#8243; _module_preset=&#8221;default&#8221; global_colors_info=&#8221;{}&#8221; open=&#8221;off&#8221;]<\/p>\n<p>High-quality bovine leather that retains its natural surface. This type of leather preserves softness, transparency, and tactile qualities.<\/p>\n<p>[\/et_pb_accordion_item][et_pb_accordion_item title=&#8221;2. Pelle Semi-Anilinata&#8221; _builder_version=&#8221;4.24.2&#8243; _module_preset=&#8221;default&#8221; global_colors_info=&#8221;{}&#8221; open=&#8221;off&#8221;]<\/p>\n<p>Similar to aniline leather, but with a light layer of transparent coating to provide greater protection without excessively compromising the naturalness of the leather.<\/p>\n<p>[\/et_pb_accordion_item][et_pb_accordion_item title=&#8221;3. Pelle Pieno Fiore&#8221; _builder_version=&#8221;4.24.2&#8243; _module_preset=&#8221;default&#8221; global_colors_info=&#8221;{}&#8221; open=&#8221;off&#8221;]<\/p>\n<p>The outermost part of the leather, which retains the natural grain and surface characteristics. It is considered high quality and can be used for luxury products.<\/p>\n<p>[\/et_pb_accordion_item][et_pb_accordion_item title=&#8221;4. Pelle Top Grain&#8221; _builder_version=&#8221;4.24.2&#8243; _module_preset=&#8221;default&#8221; global_colors_info=&#8221;{}&#8221; open=&#8221;off&#8221;]<\/p>\n<p>The top portion of the leather that has been lightly sanded and finished to remove imperfections. It retains a good portion of the natural grain and is often used for high-end furnishings.<\/p>\n<p>[\/et_pb_accordion_item][et_pb_accordion_item title=&#8221;5. Crosta&#8221; _builder_version=&#8221;4.24.2&#8243; _module_preset=&#8221;default&#8221; global_colors_info=&#8221;{}&#8221; open=&#8221;off&#8221;]<\/p>\n<p>The bottom part of the leather separated from the top grain. Less expensive and often used in less prestigious products. Maxpell does not sell splits.<\/p>\n<p>[\/et_pb_accordion_item][et_pb_accordion_item title=&#8221;6. Grana Naturale&#8221; _builder_version=&#8221;4.24.2&#8243; _module_preset=&#8221;default&#8221; global_colors_info=&#8221;{}&#8221; open=&#8221;off&#8221;]<\/p>\n<p>The natural pattern or texture of bovine leather, which can vary from animal to animal and within the same hide.<\/p>\n<p>[\/et_pb_accordion_item][et_pb_accordion_item title=&#8221;7. Finitura&#8221; _builder_version=&#8221;4.24.2&#8243; _module_preset=&#8221;default&#8221; global_colors_info=&#8221;{}&#8221; open=&#8221;off&#8221;]<\/p>\n<p>Treatments applied to leather to improve its appearance, durability, and resistance. Finishes can be matte, glossy, or transparent.<\/p>\n<p>[\/et_pb_accordion_item][et_pb_accordion_item title=&#8221;8. Pelle Rigenerata&#8221; _builder_version=&#8221;4.24.3&#8243; _module_preset=&#8221;default&#8221; global_colors_info=&#8221;{}&#8221; open=&#8221;off&#8221;]<\/p>\n<p class=\"translation-block\">Also known as synthetic leather or faux leather <b>(short for \"cheap leather\", not \"eco-friendly leather\")<\/b> is a material that mimics the appearance of cowhide but is artificially produced. In addition to polluting more than real cowhide, it does not have the same characteristics as leather, a hypoallergenic and breathable material. Faux leather is also less durable. In addition, Legislative Decree No. 68 of 2020 <b>establishes the express prohibition of the use of the words leather and cuoio, even as prefixes or suffixes, to identify materials not derived from animals<\/b>, as is currently the case with the unorthodox terms eco-leather, vegan leather and the like used for synthetic materials. This is not to mislead the consumer who, believing he is buying leather, buys plastic instead.<\/p>\n<p>[\/et_pb_accordion_item][et_pb_accordion_item title=&#8221;9. Pull-up Leather&#8221; _builder_version=&#8221;4.24.2&#8243; _module_preset=&#8221;default&#8221; global_colors_info=&#8221;{}&#8221; open=&#8221;off&#8221;]<\/p>\n<p>Leather that changes color when stretched or bent, creating unique effects on the surface.<\/p>\n<p>[\/et_pb_accordion_item][et_pb_accordion_item title=&#8221;10. Nabuk&#8221; _builder_version=&#8221;4.24.2&#8243; _module_preset=&#8221;default&#8221; global_colors_info=&#8221;{}&#8221; open=&#8221;off&#8221;]<\/p>\n<p>Leather subjected to a sanding process to obtain a velvety surface. It is one of the most refined types of leather.<\/p>\n<p>[\/et_pb_accordion_item][et_pb_accordion_item title=&#8221;11. Concia&#8221; _builder_version=&#8221;4.24.2&#8243; _module_preset=&#8221;default&#8221; global_colors_info=&#8221;{}&#8221; open=&#8221;off&#8221;]<\/p>\n<p>The process of treating raw hides to make them suitable for use. This process includes cleaning, treatment with chemicals, and finishing to produce\nleather ready for further processing.<\/p>\n<p>[\/et_pb_accordion_item][et_pb_accordion_item title=&#8221;12. Tintura in Botte&#8221; _builder_version=&#8221;4.24.2&#8243; _module_preset=&#8221;default&#8221; global_colors_info=&#8221;{}&#8221; open=&#8221;off&#8221;]<\/p>\n<p>A method of dyeing leather that involves immersing the hides in large drums containing dyes. This process can be used to achieve uniform and deep dyeing.<\/p>\n<p>[\/et_pb_accordion_item][et_pb_accordion_item title=&#8221;13. Concia al cromo&#8221; _builder_version=&#8221;4.24.3&#8243; _module_preset=&#8221;default&#8221; hover_enabled=&#8221;0&#8243; global_colors_info=&#8221;{}&#8221; open=&#8221;on&#8221; sticky_enabled=&#8221;0&#8243;]<\/p>\n<p>A tanning method that uses trivalent chromium salts as tanning agents. This process is fast and efficient, producing soft, flexible, and light- and moisture-resistant leathers. Most industrially produced leather is chrome-tanned.<\/p>\n<p>Chromium is contained in various foods, especially in whole grains and meat, as well as in some fruits such as apples, oranges and bananas, and in vegetables such as broccoli and snow peas.<\/p>\n<p>Chromium increases the effectiveness of insulin and is a constituent of glucose tolerance factor.<\/p>\n<p>[\/et_pb_accordion_item][et_pb_accordion_item title=&#8221;14. Concia con tannini&#8221; _builder_version=&#8221;4.24.2&#8243; _module_preset=&#8221;default&#8221; global_colors_info=&#8221;{}&#8221; open=&#8221;off&#8221;]<\/p>\n<p>A tanning method that uses tannins as tanning agents. Tannins are polyphenolic compounds found in the barks of plants such as oak, chestnut, spruce, and acacia. They act by forming chemical bonds with the proteins in the leather, particularly collagen, making the product rot-resistant.<\/p>\n<p>[\/et_pb_accordion_item][et_pb_accordion_item title=&#8221;15. Concia mista&#8221; open=&#8221;off&#8221; _builder_version=&#8221;4.24.3&#8243; _module_preset=&#8221;default&#8221; global_colors_info=&#8221;{}&#8221;]<\/p>\n<p style=\"font-weight: 400;\">A tanning method that uses trivalent chromium salts as tanning agents. This process is fast and efficient, producing soft, flexible, and light- and moisture-resistant leathers. Most industrially produced leather is chrome-tanned.<\/p>\n<p style=\"font-weight: 400;\">Chromium is contained in various foods, especially in whole grains and meat, as well as in some fruits such as apples, oranges and bananas, and in vegetables such as broccoli and snow peas.<\/p>\n<p style=\"font-weight: 400;\">Chromium increases the effectiveness of insulin and is a constituent of glucose tolerance factor.<\/p>\n<p>[\/et_pb_accordion_item][\/et_pb_accordion][\/et_pb_column][\/et_pb_row][\/et_pb_section][et_pb_section fb_built=&#8221;1&#8243; custom_padding_last_edited=&#8221;on|phone&#8221; _builder_version=&#8221;4.24.3&#8243; _module_preset=&#8221;default&#8221; custom_margin=&#8221;0px||||false|false&#8221; custom_margin_tablet=&#8221;0px||||false|false&#8221; custom_margin_phone=&#8221;5px||||false|false&#8221; custom_margin_last_edited=&#8221;on|phone&#8221; custom_padding=&#8221;0px||0px||false|false&#8221; custom_padding_tablet=&#8221;0px||0px||false|false&#8221; custom_padding_phone=&#8221;0px||0px||false|false&#8221; box_shadow_style=&#8221;preset1&#8243; global_module=&#8221;21552&#8243; saved_tabs=&#8221;all&#8221; locked=&#8221;off&#8221; global_colors_info=&#8221;{}&#8221;][et_pb_row column_structure=&#8221;1_3,1_3,1_3&#8243; use_custom_gutter=&#8221;on&#8221; gutter_width=&#8221;4&#8243; custom_padding_last_edited=&#8221;on|phone&#8221; _builder_version=&#8221;4.20.4&#8243; _module_preset=&#8221;default&#8221; width=&#8221;60%&#8221; width_tablet=&#8221;250px&#8221; width_phone=&#8221;200px&#8221; width_last_edited=&#8221;on|phone&#8221; max_width_tablet=&#8221;&#8221; max_width_phone=&#8221;&#8221; max_width_last_edited=&#8221;on|tablet&#8221; module_alignment=&#8221;center&#8221; min_height_last_edited=&#8221;off|phone&#8221; custom_margin_tablet=&#8221;&#8221; custom_margin_phone=&#8221;&#8221; custom_margin_last_edited=&#8221;on|tablet&#8221; custom_padding_tablet=&#8221;&#8221; custom_padding_phone=&#8221;&#8221; global_colors_info=&#8221;{}&#8221;][et_pb_column type=&#8221;1_3&#8243; _builder_version=&#8221;4.20.4&#8243; _module_preset=&#8221;default&#8221; global_colors_info=&#8221;{}&#8221;][et_pb_image src=&#8221;https:\/\/www.maxpell.it\/website\/wp-content\/uploads\/2022\/08\/made.png&#8221; title_text=&#8221;made&#8221; _builder_version=&#8221;4.20.4&#8243; _module_preset=&#8221;default&#8221; global_colors_info=&#8221;{}&#8221;][\/et_pb_image][\/et_pb_column][et_pb_column type=&#8221;1_3&#8243; _builder_version=&#8221;4.20.4&#8243; _module_preset=&#8221;default&#8221; global_colors_info=&#8221;{}&#8221;][et_pb_image src=&#8221;https:\/\/www.maxpell.it\/website\/wp-content\/uploads\/2023\/01\/logo_footer.png&#8221; title_text=&#8221;logo_footer&#8221; _builder_version=&#8221;4.19.1&#8243; _module_preset=&#8221;default&#8221; global_colors_info=&#8221;{}&#8221;][\/et_pb_image][\/et_pb_column][et_pb_column type=&#8221;1_3&#8243; _builder_version=&#8221;4.20.4&#8243; _module_preset=&#8221;default&#8221; global_colors_info=&#8221;{}&#8221;][et_pb_image src=&#8221;https:\/\/www.maxpell.it\/website\/wp-content\/uploads\/2022\/08\/quality-1.png&#8221; title_text=&#8221;quality&#8221; align=&#8221;center&#8221; _builder_version=&#8221;4.17.4&#8243; _module_preset=&#8221;default&#8221; global_colors_info=&#8221;{}&#8221;][\/et_pb_image][\/et_pb_column][\/et_pb_row][\/et_pb_section]<\/p>","protected":false},"excerpt":{"rendered":"<p>Glossario della pelleLa pelle \u00e8 una materiale naturale conosciuto da tutti. Ci sono per\u00f2 alcuni termini meno comuni utili da conoscere per apprezzare ancora di pi\u00f9 questo fantastico materiale,\u00a0prodotto secondario dell\u2019industria alimentare.Una pelle bovina di alta qualit\u00e0 che mantiene la sua superficie naturale. Questo tipo di pelle conserva morbidezza, trasparenza e tattilit\u00e0.Simile alla pelle anilinata, [&hellip;]<\/p>","protected":false},"author":1,"featured_media":0,"parent":0,"menu_order":0,"comment_status":"closed","ping_status":"closed","template":"","meta":{"_et_pb_use_builder":"on","_et_pb_old_content":"","_et_gb_content_width":"","footnotes":""},"class_list":["post-22738","page","type-page","status-publish","hentry"],"yoast_head":"<!-- This site is optimized with the Yoast SEO plugin v25.4 - https:\/\/yoast.com\/wordpress\/plugins\/seo\/ -->\n<title>Glossario Pelle - Maxpell<\/title>\n<meta name=\"robots\" content=\"index, follow, max-snippet:-1, max-image-preview:large, max-video-preview:-1\" \/>\n<link rel=\"canonical\" href=\"https:\/\/www.maxpell.it\/en\/glossario-pelle\/\" \/>\n<meta property=\"og:locale\" content=\"en_GB\" \/>\n<meta property=\"og:type\" content=\"article\" \/>\n<meta property=\"og:title\" content=\"Glossario Pelle - Maxpell\" \/>\n<meta property=\"og:description\" content=\"Glossario della pelleLa pelle \u00e8 una materiale naturale conosciuto da tutti. Ci sono per\u00f2 alcuni termini meno comuni utili da conoscere per apprezzare ancora di pi\u00f9 questo fantastico materiale,\u00a0prodotto secondario dell\u2019industria alimentare.Una pelle bovina di alta qualit\u00e0 che mantiene la sua superficie naturale. Questo tipo di pelle conserva morbidezza, trasparenza e tattilit\u00e0.Simile alla pelle anilinata, [&hellip;]\" \/>\n<meta property=\"og:url\" content=\"https:\/\/www.maxpell.it\/en\/glossario-pelle\/\" \/>\n<meta property=\"og:site_name\" content=\"Maxpell\" \/>\n<meta property=\"article:modified_time\" content=\"2024-05-02T09:39:37+00:00\" \/>\n<meta name=\"twitter:card\" content=\"summary_large_image\" \/>\n<script type=\"application\/ld+json\" class=\"yoast-schema-graph\">{\"@context\":\"https:\/\/schema.org\",\"@graph\":[{\"@type\":\"WebPage\",\"@id\":\"https:\/\/www.maxpell.it\/glossario-pelle\/\",\"url\":\"https:\/\/www.maxpell.it\/glossario-pelle\/\",\"name\":\"Glossario Pelle - Maxpell\",\"isPartOf\":{\"@id\":\"https:\/\/www.maxpell.it\/en\/#website\"},\"datePublished\":\"2024-04-11T08:22:03+00:00\",\"dateModified\":\"2024-05-02T09:39:37+00:00\",\"breadcrumb\":{\"@id\":\"https:\/\/www.maxpell.it\/glossario-pelle\/#breadcrumb\"},\"inLanguage\":\"en-GB\",\"potentialAction\":[{\"@type\":\"ReadAction\",\"target\":[\"https:\/\/www.maxpell.it\/glossario-pelle\/\"]}]},{\"@type\":\"BreadcrumbList\",\"@id\":\"https:\/\/www.maxpell.it\/glossario-pelle\/#breadcrumb\",\"itemListElement\":[{\"@type\":\"ListItem\",\"position\":1,\"name\":\"Home\",\"item\":\"https:\/\/www.maxpell.it\/\"},{\"@type\":\"ListItem\",\"position\":2,\"name\":\"Glossario Pelle\"}]},{\"@type\":\"WebSite\",\"@id\":\"https:\/\/www.maxpell.it\/en\/#website\",\"url\":\"https:\/\/www.maxpell.it\/en\/\",\"name\":\"Maxpell Leather\",\"description\":\"Da oltre quarant&#039;anni siamo Creatori di pelle\",\"publisher\":{\"@id\":\"https:\/\/www.maxpell.it\/en\/#organization\"},\"potentialAction\":[{\"@type\":\"SearchAction\",\"target\":{\"@type\":\"EntryPoint\",\"urlTemplate\":\"https:\/\/www.maxpell.it\/en\/?s={search_term_string}\"},\"query-input\":{\"@type\":\"PropertyValueSpecification\",\"valueRequired\":true,\"valueName\":\"search_term_string\"}}],\"inLanguage\":\"en-GB\"},{\"@type\":\"Organization\",\"@id\":\"https:\/\/www.maxpell.it\/en\/#organization\",\"name\":\"Maxpell Leather\",\"url\":\"https:\/\/www.maxpell.it\/en\/\",\"logo\":{\"@type\":\"ImageObject\",\"inLanguage\":\"en-GB\",\"@id\":\"https:\/\/www.maxpell.it\/en\/#\/schema\/logo\/image\/\",\"url\":\"https:\/\/www.maxpell.it\/website\/wp-content\/uploads\/2022\/08\/maxpell_logo.png\",\"contentUrl\":\"https:\/\/www.maxpell.it\/website\/wp-content\/uploads\/2022\/08\/maxpell_logo.png\",\"width\":485,\"height\":148,\"caption\":\"Maxpell Leather\"},\"image\":{\"@id\":\"https:\/\/www.maxpell.it\/en\/#\/schema\/logo\/image\/\"},\"sameAs\":[\"https:\/\/www.linkedin.com\/company\/maxpell-srl\/\",\"https:\/\/www.instagram.com\/maxpell.leather\/\"]}]}<\/script>\n<!-- \/ Yoast SEO plugin. -->","yoast_head_json":{"title":"Glossario Pelle - Maxpell","robots":{"index":"index","follow":"follow","max-snippet":"max-snippet:-1","max-image-preview":"max-image-preview:large","max-video-preview":"max-video-preview:-1"},"canonical":"https:\/\/www.maxpell.it\/en\/glossario-pelle\/","og_locale":"en_GB","og_type":"article","og_title":"Glossario Pelle - Maxpell","og_description":"Glossario della pelleLa pelle \u00e8 una materiale naturale conosciuto da tutti. Ci sono per\u00f2 alcuni termini meno comuni utili da conoscere per apprezzare ancora di pi\u00f9 questo fantastico materiale,\u00a0prodotto secondario dell\u2019industria alimentare.Una pelle bovina di alta qualit\u00e0 che mantiene la sua superficie naturale. Questo tipo di pelle conserva morbidezza, trasparenza e tattilit\u00e0.Simile alla pelle anilinata, [&hellip;]","og_url":"https:\/\/www.maxpell.it\/en\/glossario-pelle\/","og_site_name":"Maxpell","article_modified_time":"2024-05-02T09:39:37+00:00","twitter_card":"summary_large_image","schema":{"@context":"https:\/\/schema.org","@graph":[{"@type":"WebPage","@id":"https:\/\/www.maxpell.it\/glossario-pelle\/","url":"https:\/\/www.maxpell.it\/glossario-pelle\/","name":"Glossario Pelle - Maxpell","isPartOf":{"@id":"https:\/\/www.maxpell.it\/en\/#website"},"datePublished":"2024-04-11T08:22:03+00:00","dateModified":"2024-05-02T09:39:37+00:00","breadcrumb":{"@id":"https:\/\/www.maxpell.it\/glossario-pelle\/#breadcrumb"},"inLanguage":"en-GB","potentialAction":[{"@type":"ReadAction","target":["https:\/\/www.maxpell.it\/glossario-pelle\/"]}]},{"@type":"BreadcrumbList","@id":"https:\/\/www.maxpell.it\/glossario-pelle\/#breadcrumb","itemListElement":[{"@type":"ListItem","position":1,"name":"Home","item":"https:\/\/www.maxpell.it\/"},{"@type":"ListItem","position":2,"name":"Glossario Pelle"}]},{"@type":"WebSite","@id":"https:\/\/www.maxpell.it\/en\/#website","url":"https:\/\/www.maxpell.it\/en\/","name":"Maxpell Leather","description":"Da oltre quarant&#039;anni siamo Creatori di pelle","publisher":{"@id":"https:\/\/www.maxpell.it\/en\/#organization"},"potentialAction":[{"@type":"SearchAction","target":{"@type":"EntryPoint","urlTemplate":"https:\/\/www.maxpell.it\/en\/?s={search_term_string}"},"query-input":{"@type":"PropertyValueSpecification","valueRequired":true,"valueName":"search_term_string"}}],"inLanguage":"en-GB"},{"@type":"Organization","@id":"https:\/\/www.maxpell.it\/en\/#organization","name":"Maxpell Leather","url":"https:\/\/www.maxpell.it\/en\/","logo":{"@type":"ImageObject","inLanguage":"en-GB","@id":"https:\/\/www.maxpell.it\/en\/#\/schema\/logo\/image\/","url":"https:\/\/www.maxpell.it\/website\/wp-content\/uploads\/2022\/08\/maxpell_logo.png","contentUrl":"https:\/\/www.maxpell.it\/website\/wp-content\/uploads\/2022\/08\/maxpell_logo.png","width":485,"height":148,"caption":"Maxpell Leather"},"image":{"@id":"https:\/\/www.maxpell.it\/en\/#\/schema\/logo\/image\/"},"sameAs":["https:\/\/www.linkedin.com\/company\/maxpell-srl\/","https:\/\/www.instagram.com\/maxpell.leather\/"]}]}},"_links":{"self":[{"href":"https:\/\/www.maxpell.it\/en\/wp-json\/wp\/v2\/pages\/22738","targetHints":{"allow":["GET"]}}],"collection":[{"href":"https:\/\/www.maxpell.it\/en\/wp-json\/wp\/v2\/pages"}],"about":[{"href":"https:\/\/www.maxpell.it\/en\/wp-json\/wp\/v2\/types\/page"}],"author":[{"embeddable":true,"href":"https:\/\/www.maxpell.it\/en\/wp-json\/wp\/v2\/users\/1"}],"replies":[{"embeddable":true,"href":"https:\/\/www.maxpell.it\/en\/wp-json\/wp\/v2\/comments?post=22738"}],"version-history":[{"count":6,"href":"https:\/\/www.maxpell.it\/en\/wp-json\/wp\/v2\/pages\/22738\/revisions"}],"predecessor-version":[{"id":22788,"href":"https:\/\/www.maxpell.it\/en\/wp-json\/wp\/v2\/pages\/22738\/revisions\/22788"}],"wp:attachment":[{"href":"https:\/\/www.maxpell.it\/en\/wp-json\/wp\/v2\/media?parent=22738"}],"curies":[{"name":"wp","href":"https:\/\/api.w.org\/{rel}","templated":true}]}}